{"id":13118,"date":"2019-11-28T10:40:20","date_gmt":"2019-11-28T10:40:20","guid":{"rendered":"https:\/\/island.dale.is\/skontaktuj-sie-z-nami\/"},"modified":"2025-12-23T08:51:06","modified_gmt":"2025-12-23T08:51:06","slug":"skontaktuj-sie-z-nami","status":"publish","type":"page","link":"https:\/\/island.dale.is\/pl\/skontaktuj-sie-z-nami\/","title":{"rendered":"By\u0107 w kontakcie"},"content":{"rendered":"<p>\n\n<section class=\"ContactLocations\">\n<div class=\"ContactLocations__container\">\n<div class=\"ContactLocations__left\">\n<p class=\"ContactLocations__location-label\"><img class=\"ContactLocations__location-pin\" src=\"\/wp-content\/themes\/dalecarnegie\/images\/icons\/icon-pin-small.svg\" alt=\"Location Icon\" width=\"18\" height=\"18\">\nBiura Dale'a Carnegiego<\/p>\n\n<h1 class=\"ContactLocations__location\">By\u0107 w kontakcie<\/h1>\nMo\u017cesz si\u0119 z nami skontaktowa\u0107 w dowolnym momencie, je\u015bli chcesz zada\u0107 komu\u015b pytanie, dowiedzie\u0107 si\u0119 wi\u0119cej o tym, jak rozwija\u0107 swoje umiej\u0119tno\u015bci, aby odnie\u015b\u0107 sukces w \u017cyciu, lub je\u015bli szukasz pomys\u0142\u00f3w na swoj\u0105 firm\u0119. Przypominamy r\u00f3wnie\u017c o gadu\u0142ach z dale.is, kt\u00f3rzy wiedz\u0105 bardzo du\u017co. \n<div class=\"ContactLocations__locations\"><!--\n<h2 class=\"ContactLocations__locations-title\">Viltu samband vi\u00f0<\/h2>\n-->\n<ul class=\"ContactLocations__contact\">\n \t<li class=\"ContactLocations__contact-item\"><span class=\"ContactLocations__contact-title\">Adres:<\/span>\n <a class=\"ContactLocations__link\" tabindex=\"0\">\u00c1rm\u00fali 11, 108 Reykjavik<\/a><\/li>\n \t<li class=\"ContactLocations__contact-item\"><span class=\"ContactLocations__contact-title\">Telefon:<\/span>\n <a class=\"ContactLocations__link\" tabindex=\"0\" href=\"tel:+3545557080\">555 7080<\/a><\/li>\n \t<li class=\"ContactLocations__contact-item\"><span class=\"ContactLocations__contact-title\">Godziny otwarcia biura:<\/span>\n<span class=\"ContactLocations__link\" tabindex=\"0\">Od poniedzia\u0142ku do pi\u0105tku w godz 9.00 \u2013 14.00<\/span><\/li>\n<\/ul>\n<\/div>\n<\/div>\n<div class=\"ContactLocations__right\"><!--\n<h2 class=\"ContactLocations__title\"><\/h2>\n-->\n<div class=\"FormCard FormCard--simple FormCard--franchise is-active\"><br \/>\n\n<div class=\"wpcf7 no-js\" id=\"wpcf7-f13116-o1\" lang=\"pl-PL\" dir=\"ltr\" data-wpcf7-id=\"13116\">\n<div class=\"screen-reader-response\"><p role=\"status\" aria-live=\"polite\" aria-atomic=\"true\"><\/p> <ul><\/ul><\/div>\n<form action=\"\/pl\/wp-json\/wp\/v2\/pages\/13118#wpcf7-f13116-o1\" method=\"post\" class=\"wpcf7-form init\" aria-label=\"Formularz kontaktowy\" novalidate=\"novalidate\" data-status=\"init\">\n<fieldset class=\"hidden-fields-container\"><input type=\"hidden\" name=\"_wpcf7\" value=\"13116\" \/><input type=\"hidden\" name=\"_wpcf7_version\" value=\"6.1.5\" \/><input type=\"hidden\" name=\"_wpcf7_locale\" value=\"pl_PL\" \/><input type=\"hidden\" name=\"_wpcf7_unit_tag\" value=\"wpcf7-f13116-o1\" \/><input type=\"hidden\" name=\"_wpcf7_container_post\" value=\"0\" \/><input type=\"hidden\" name=\"_wpcf7_posted_data_hash\" value=\"\" \/><input type=\"hidden\" name=\"_wpcf7cf_hidden_group_fields\" value=\"[]\" \/><input type=\"hidden\" name=\"_wpcf7cf_hidden_groups\" value=\"[]\" \/><input type=\"hidden\" name=\"_wpcf7cf_visible_groups\" value=\"[]\" \/><input type=\"hidden\" name=\"_wpcf7cf_repeaters\" value=\"[]\" \/><input type=\"hidden\" name=\"_wpcf7cf_steps\" value=\"{}\" \/><input type=\"hidden\" name=\"_wpcf7cf_options\" value=\"{&quot;form_id&quot;:13116,&quot;conditions&quot;:[],&quot;settings&quot;:{&quot;animation&quot;:&quot;yes&quot;,&quot;animation_intime&quot;:200,&quot;animation_outtime&quot;:200,&quot;conditions_ui&quot;:&quot;normal&quot;,&quot;notice_dismissed&quot;:true,&quot;notice_dismissed_rollback-cf7-5.8.4&quot;:true,&quot;notice_dismissed_rollback-cf7-5.8.5&quot;:true,&quot;notice_dismissed_rollback-cf7-5.8.7&quot;:true,&quot;notice_dismissed_rollback-cf7-5.9.2&quot;:true,&quot;notice_dismissed_rollback-cf7-5.9.5&quot;:true,&quot;notice_dismissed_rollback-cf7-6.1.1&quot;:true}}\" \/><input type=\"hidden\" name=\"_wpcf7dtx_version\" value=\"5.0.5\" \/><input type=\"hidden\" name=\"upload_dir\" value=\"tmp_uploads\" \/><input type=\"hidden\" name=\"generate_name\" value=\"04-16-26-69e125c55a5b9\" \/><input type=\"hidden\" name=\"_wpcf7_post_id\" value=\"13118\" \/><input type=\"hidden\" name=\"_wpcf7_recaptcha_response\" value=\"\" \/>\n<\/fieldset>\n<div class=\"FormCard__fieldset\">\n <div class=\"FormCard__field FormCard__field--half \">\n<span class=\"wpcf7-form-control-wrap\" data-name=\"your-name\"><input size=\"40\" maxlength=\"400\" class=\"wpcf7-form-control wpcf7-text wpcf7-validates-as-required FormCard__field__input\" aria-required=\"true\" aria-invalid=\"false\" placeholder=\"Nazwa*\" value=\"\" type=\"text\" name=\"your-name\" \/><\/span>\n<\/div>\n<div class=\"FormCard__field FormCard__field--half \">\n<span class=\"wpcf7-form-control-wrap\" data-name=\"your-phone-number\"><input size=\"40\" maxlength=\"400\" class=\"wpcf7-form-control wpcf7-tel wpcf7-text wpcf7-validates-as-tel FormCard__field__input\" aria-invalid=\"false\" placeholder=\"Tel\" value=\"\" type=\"tel\" name=\"your-phone-number\" \/><\/span>\n<\/div>\n<div class=\"FormCard__field FormCard__field--full \">\n<span class=\"wpcf7-form-control-wrap\" data-name=\"your-email\"><input size=\"40\" maxlength=\"400\" class=\"wpcf7-form-control wpcf7-email wpcf7-validates-as-required wpcf7-text wpcf7-validates-as-email FormCard__field__input\" aria-required=\"true\" aria-invalid=\"false\" placeholder=\"E-mail*\" value=\"\" type=\"email\" name=\"your-email\" \/><\/span>\n<\/div>\n<div class=\"FormCard__field FormCard__field--full \">\n<span class=\"wpcf7-form-control-wrap\" data-name=\"your-subject\"><input size=\"40\" maxlength=\"400\" class=\"wpcf7-form-control wpcf7-text wpcf7-validates-as-required FormCard__field__input\" aria-required=\"true\" aria-invalid=\"false\" placeholder=\"Przedmiot*\" value=\"\" type=\"text\" name=\"your-subject\" \/><\/span>\n<\/div>\n<div class=\"FormCard__field FormCard__field FormCard__field--full \">\n<span class=\"wpcf7-form-control-wrap\" data-name=\"your-message\"><textarea cols=\"40\" rows=\"10\" maxlength=\"2000\" class=\"wpcf7-form-control wpcf7-textarea FormCard__field__input FormCard__field__input--textarea\" aria-invalid=\"false\" placeholder=\"Napisa\u0107 wiadomo\u015b\u0107\" name=\"your-message\"><\/textarea><\/span>\n<\/div>\n<div class=\"FormCard__field--checkbox-stack FormCard__field--checkbox-stack-outside\">\n<span class=\"wpcf7-form-control-wrap\" data-name=\"your-consent\"><span class=\"wpcf7-form-control wpcf7-acceptance optional\"><span class=\"wpcf7-list-item\"><label><input type=\"checkbox\" name=\"your-consent\" value=\"1\" aria-invalid=\"false\" \/><span class=\"wpcf7-list-item-label\">Chc\u0119 otrzymywa\u0107 newsletter i zaproszenia na bezp\u0142atne wydarzenia<\/span><\/label><\/span><\/span><\/span>\n<\/div>\n<\/div>\n<div class=\"FormCard__note\">\n        <p class=\"legal\">Prosimy o zapoznanie si\u0119 z nasz\u0105 <a href=\"https:\/\/island.dale.is\/en\/privacy-policy\/\">polityk\u0105 prywatno\u015bci<\/a>.<\/p>\n<\/div>\n<input class=\"wpcf7-form-control wpcf7-submit has-spinner FormCard__button Button Button--black\" type=\"submit\" value=\"Wys\u0142a\u0107\" \/><div class=\"wpcf7-response-output\" aria-hidden=\"true\"><\/div>\n<\/form>\n<\/div>\n<br \/>\n<\/div>\n<\/div>\n<\/div>\n<\/section><script>\n\tdocument.addEventListener( 'wpcf7mailsent', function( event ) {\n\t\tfbq('track', 'Contact');\n\t\t}, false );\n<\/script>\n<\/p>\n","protected":false},"excerpt":{"rendered":"<p>W ka\u017cdej chwili mo\u017cesz si\u0119 z nami skontaktowa\u0107, je\u015bli chcesz o co\u015b zapyta\u0107 lub dowiedzie\u0107 si\u0119 wi\u0119cej o tym, jak mo\u017cesz rozwija\u0107 swoje umiej\u0119tno\u015bci, aby odnie\u015b\u0107 sukces w \u017cyciu i pracy.<\/p>\n","protected":false},"author":3,"featured_media":0,"parent":0,"menu_order":0,"comment_status":"closed","ping_status":"closed","template":"template-dale.php","meta":{"footnotes":""},"class_list":["post-13118","page","type-page","status-publish","hentry"],"yoast_head":"<!-- This site is optimized with the Yoast SEO plugin v27.2 - https:\/\/yoast.com\/product\/yoast-seo-wordpress\/ -->\n<title>By\u0107 w kontakcie | Dale Carnegie \u00dej\u00e1lfun<\/title>\n<meta name=\"description\" content=\"W ka\u017cdej chwili mo\u017cesz si\u0119 z nami skontaktowa\u0107, je\u015bli chcesz o co\u015b zapyta\u0107 lub dowiedzie\u0107 si\u0119 wi\u0119cej o tym, jak mo\u017cesz rozwija\u0107 swoje umiej\u0119tno\u015bci, aby odnie\u015b\u0107 sukces w \u017cyciu i pracy.\" \/>\n<meta name=\"robots\" content=\"index, follow, max-snippet:-1, max-image-preview:large, max-video-preview:-1\" \/>\n<link rel=\"canonical\" href=\"https:\/\/island.dale.is\/pl\/skontaktuj-sie-z-nami\/\" \/>\n<meta property=\"og:locale\" content=\"pl_PL\" \/>\n<meta property=\"og:type\" content=\"article\" \/>\n<meta property=\"og:title\" content=\"By\u0107 w kontakcie | Dale Carnegie \u00dej\u00e1lfun\" \/>\n<meta property=\"og:description\" content=\"W ka\u017cdej chwili mo\u017cesz si\u0119 z nami skontaktowa\u0107, je\u015bli chcesz o co\u015b zapyta\u0107 lub dowiedzie\u0107 si\u0119 wi\u0119cej o tym, jak mo\u017cesz rozwija\u0107 swoje umiej\u0119tno\u015bci, aby odnie\u015b\u0107 sukces w \u017cyciu i pracy.\" \/>\n<meta property=\"og:url\" content=\"https:\/\/island.dale.is\/pl\/skontaktuj-sie-z-nami\/\" \/>\n<meta property=\"og:site_name\" content=\"Dale Carnegie \u00dej\u00e1lfun\" \/>\n<meta property=\"article:modified_time\" content=\"2025-12-23T08:51:06+00:00\" \/>\n<meta name=\"twitter:card\" content=\"summary_large_image\" \/>\n<meta name=\"twitter:label1\" content=\"Szacowany czas czytania\" \/>\n\t<meta name=\"twitter:data1\" content=\"1 minuta\" \/>\n<script type=\"application\/ld+json\" class=\"yoast-schema-graph\">{\"@context\":\"https:\/\/schema.org\",\"@graph\":[{\"@type\":\"WebPage\",\"@id\":\"https:\/\/island.dale.is\/pl\/skontaktuj-sie-z-nami\/\",\"url\":\"https:\/\/island.dale.is\/pl\/skontaktuj-sie-z-nami\/\",\"name\":\"By\u0107 w kontakcie | Dale Carnegie \u00dej\u00e1lfun\",\"isPartOf\":{\"@id\":\"https:\/\/island.dale.is\/pl\/#website\"},\"datePublished\":\"2019-11-28T10:40:20+00:00\",\"dateModified\":\"2025-12-23T08:51:06+00:00\",\"description\":\"W ka\u017cdej chwili mo\u017cesz si\u0119 z nami skontaktowa\u0107, je\u015bli chcesz o co\u015b zapyta\u0107 lub dowiedzie\u0107 si\u0119 wi\u0119cej o tym, jak mo\u017cesz rozwija\u0107 swoje umiej\u0119tno\u015bci, aby odnie\u015b\u0107 sukces w \u017cyciu i pracy.\",\"breadcrumb\":{\"@id\":\"https:\/\/island.dale.is\/pl\/skontaktuj-sie-z-nami\/#breadcrumb\"},\"inLanguage\":\"pl-PL\",\"potentialAction\":[{\"@type\":\"ReadAction\",\"target\":[\"https:\/\/island.dale.is\/pl\/skontaktuj-sie-z-nami\/\"]}]},{\"@type\":\"BreadcrumbList\",\"@id\":\"https:\/\/island.dale.is\/pl\/skontaktuj-sie-z-nami\/#breadcrumb\",\"itemListElement\":[{\"@type\":\"ListItem\",\"position\":1,\"name\":\"Home\",\"item\":\"https:\/\/island.dale.is\/pl\/\"},{\"@type\":\"ListItem\",\"position\":2,\"name\":\"By\u0107 w kontakcie\"}]},{\"@type\":\"WebSite\",\"@id\":\"https:\/\/island.dale.is\/pl\/#website\",\"url\":\"https:\/\/island.dale.is\/pl\/\",\"name\":\"Dale Carnegie \u00dej\u00e1lfun\",\"description\":\"\",\"publisher\":{\"@id\":\"https:\/\/island.dale.is\/pl\/#organization\"},\"potentialAction\":[{\"@type\":\"SearchAction\",\"target\":{\"@type\":\"EntryPoint\",\"urlTemplate\":\"https:\/\/island.dale.is\/pl\/?s={search_term_string}\"},\"query-input\":{\"@type\":\"PropertyValueSpecification\",\"valueRequired\":true,\"valueName\":\"search_term_string\"}}],\"inLanguage\":\"pl-PL\"},{\"@type\":\"Organization\",\"@id\":\"https:\/\/island.dale.is\/pl\/#organization\",\"name\":\"Dale Carnegie\",\"url\":\"https:\/\/island.dale.is\/pl\/\",\"logo\":{\"@type\":\"ImageObject\",\"inLanguage\":\"pl-PL\",\"@id\":\"https:\/\/island.dale.is\/pl\/#\/schema\/logo\/image\/\",\"url\":\"https:\/\/island.dale.is\/wp-content\/uploads\/2021\/02\/Dale_Carnegie_stacked_lock-up_logo.jpg\",\"contentUrl\":\"https:\/\/island.dale.is\/wp-content\/uploads\/2021\/02\/Dale_Carnegie_stacked_lock-up_logo.jpg\",\"width\":1649,\"height\":1097,\"caption\":\"Dale Carnegie\"},\"image\":{\"@id\":\"https:\/\/island.dale.is\/pl\/#\/schema\/logo\/image\/\"}}]}<\/script>\n<!-- \/ Yoast SEO plugin. -->","yoast_head_json":{"title":"By\u0107 w kontakcie | Dale Carnegie \u00dej\u00e1lfun","description":"W ka\u017cdej chwili mo\u017cesz si\u0119 z nami skontaktowa\u0107, je\u015bli chcesz o co\u015b zapyta\u0107 lub dowiedzie\u0107 si\u0119 wi\u0119cej o tym, jak mo\u017cesz rozwija\u0107 swoje umiej\u0119tno\u015bci, aby odnie\u015b\u0107 sukces w \u017cyciu i pracy.","robots":{"index":"index","follow":"follow","max-snippet":"max-snippet:-1","max-image-preview":"max-image-preview:large","max-video-preview":"max-video-preview:-1"},"canonical":"https:\/\/island.dale.is\/pl\/skontaktuj-sie-z-nami\/","og_locale":"pl_PL","og_type":"article","og_title":"By\u0107 w kontakcie | Dale Carnegie \u00dej\u00e1lfun","og_description":"W ka\u017cdej chwili mo\u017cesz si\u0119 z nami skontaktowa\u0107, je\u015bli chcesz o co\u015b zapyta\u0107 lub dowiedzie\u0107 si\u0119 wi\u0119cej o tym, jak mo\u017cesz rozwija\u0107 swoje umiej\u0119tno\u015bci, aby odnie\u015b\u0107 sukces w \u017cyciu i pracy.","og_url":"https:\/\/island.dale.is\/pl\/skontaktuj-sie-z-nami\/","og_site_name":"Dale Carnegie \u00dej\u00e1lfun","article_modified_time":"2025-12-23T08:51:06+00:00","twitter_card":"summary_large_image","twitter_misc":{"Szacowany czas czytania":"1 minuta"},"schema":{"@context":"https:\/\/schema.org","@graph":[{"@type":"WebPage","@id":"https:\/\/island.dale.is\/pl\/skontaktuj-sie-z-nami\/","url":"https:\/\/island.dale.is\/pl\/skontaktuj-sie-z-nami\/","name":"By\u0107 w kontakcie | Dale Carnegie \u00dej\u00e1lfun","isPartOf":{"@id":"https:\/\/island.dale.is\/pl\/#website"},"datePublished":"2019-11-28T10:40:20+00:00","dateModified":"2025-12-23T08:51:06+00:00","description":"W ka\u017cdej chwili mo\u017cesz si\u0119 z nami skontaktowa\u0107, je\u015bli chcesz o co\u015b zapyta\u0107 lub dowiedzie\u0107 si\u0119 wi\u0119cej o tym, jak mo\u017cesz rozwija\u0107 swoje umiej\u0119tno\u015bci, aby odnie\u015b\u0107 sukces w \u017cyciu i pracy.","breadcrumb":{"@id":"https:\/\/island.dale.is\/pl\/skontaktuj-sie-z-nami\/#breadcrumb"},"inLanguage":"pl-PL","potentialAction":[{"@type":"ReadAction","target":["https:\/\/island.dale.is\/pl\/skontaktuj-sie-z-nami\/"]}]},{"@type":"BreadcrumbList","@id":"https:\/\/island.dale.is\/pl\/skontaktuj-sie-z-nami\/#breadcrumb","itemListElement":[{"@type":"ListItem","position":1,"name":"Home","item":"https:\/\/island.dale.is\/pl\/"},{"@type":"ListItem","position":2,"name":"By\u0107 w kontakcie"}]},{"@type":"WebSite","@id":"https:\/\/island.dale.is\/pl\/#website","url":"https:\/\/island.dale.is\/pl\/","name":"Dale Carnegie \u00dej\u00e1lfun","description":"","publisher":{"@id":"https:\/\/island.dale.is\/pl\/#organization"},"potentialAction":[{"@type":"SearchAction","target":{"@type":"EntryPoint","urlTemplate":"https:\/\/island.dale.is\/pl\/?s={search_term_string}"},"query-input":{"@type":"PropertyValueSpecification","valueRequired":true,"valueName":"search_term_string"}}],"inLanguage":"pl-PL"},{"@type":"Organization","@id":"https:\/\/island.dale.is\/pl\/#organization","name":"Dale Carnegie","url":"https:\/\/island.dale.is\/pl\/","logo":{"@type":"ImageObject","inLanguage":"pl-PL","@id":"https:\/\/island.dale.is\/pl\/#\/schema\/logo\/image\/","url":"https:\/\/island.dale.is\/wp-content\/uploads\/2021\/02\/Dale_Carnegie_stacked_lock-up_logo.jpg","contentUrl":"https:\/\/island.dale.is\/wp-content\/uploads\/2021\/02\/Dale_Carnegie_stacked_lock-up_logo.jpg","width":1649,"height":1097,"caption":"Dale Carnegie"},"image":{"@id":"https:\/\/island.dale.is\/pl\/#\/schema\/logo\/image\/"}}]}},"_links":{"self":[{"href":"https:\/\/island.dale.is\/pl\/wp-json\/wp\/v2\/pages\/13118","targetHints":{"allow":["GET"]}}],"collection":[{"href":"https:\/\/island.dale.is\/pl\/wp-json\/wp\/v2\/pages"}],"about":[{"href":"https:\/\/island.dale.is\/pl\/wp-json\/wp\/v2\/types\/page"}],"author":[{"embeddable":true,"href":"https:\/\/island.dale.is\/pl\/wp-json\/wp\/v2\/users\/3"}],"replies":[{"embeddable":true,"href":"https:\/\/island.dale.is\/pl\/wp-json\/wp\/v2\/comments?post=13118"}],"version-history":[{"count":5,"href":"https:\/\/island.dale.is\/pl\/wp-json\/wp\/v2\/pages\/13118\/revisions"}],"predecessor-version":[{"id":24816,"href":"https:\/\/island.dale.is\/pl\/wp-json\/wp\/v2\/pages\/13118\/revisions\/24816"}],"wp:attachment":[{"href":"https:\/\/island.dale.is\/pl\/wp-json\/wp\/v2\/media?parent=13118"}],"curies":[{"name":"wp","href":"https:\/\/api.w.org\/{rel}","templated":true}]}}